{"id":78,"date":"2026-02-18T15:30:34","date_gmt":"2026-02-18T13:30:34","guid":{"rendered":"https:\/\/napredok.hr\/?page_id=78"},"modified":"2026-03-03T12:36:29","modified_gmt":"2026-03-03T10:36:29","slug":"ciljevi-projekta","status":"publish","type":"page","link":"https:\/\/napredok.hr\/en\/ciljevi-projekta\/","title":{"rendered":"Project Goals"},"content":{"rendered":"<p><strong>MAIN GOAL:<\/strong><\/p>\n\n\n\n<p>Integrating scientists and collaborators at the Department of Chemistry into a unified research\nunit to enhance scientific excellence. The objective is linked to the programme indicator: the\nnumber of scientific papers published at the level of a public higher education institution or\npublic research institute in scientific journals indexed in SCOPUS and WoS, A1 journals, and\ninternationally peerreviewed conference proceedings.<\/p>\n\n\n\n<div style=\"height:68px\" aria-hidden=\"true\" class=\"wp-block-spacer\"><\/div>\n\n\n\n<p><strong>SPECIFIC OBJECTIVES:<\/strong><\/p>\n\n\n\n<ol class=\"wp-block-list\">\n<li>Introduce undergraduate and graduate students to scientific research work.<\/li>\n\n\n\n<li>Determine the molecular and crystal structure of new macrocyclic compounds.<\/li>\n\n\n\n<li>Investigate the extraction of metal cations using macrocyclic compounds.<\/li>\n\n\n\n<li>Determine the electrochemical properties of macrocyclic compounds.<\/li>\n\n\n\n<li>Determine the molecular structure of coordination compounds of transition metals with\nligands from the hydroxy and benzopyranone group, with the addition of Ndonor ligands,\nusing green chemistry methods.<\/li>\n\n\n\n<li>Investigate the biological properties of coordination compounds of transition metals with\nligands from the hydroxy and benzopyranone group, with the addition of Ndonor ligands,\nusing green chemistry methods.<\/li>\n\n\n\n<li>Establish a system for the precipitation of predominantly one hydrate phase of calcium\noxalate (CaOx) under laboratory conditions.<\/li>\n\n\n\n<li>Investigate the influence of \u201cecological materials\u201d on the precipitation of calcium oxalate\n(CaOx).<\/li>\n\n\n\n<li>Systematically monitor and conduct research in the field of air quality analysis.<\/li>\n\n\n\n<li>Improve understanding of atmospheric conditions and processes.<\/li>\n\n\n\n<li>Develop new catalysts and perform their structural and morphological characterization.<\/li>\n\n\n\n<li>Reduce the concentration of organic pollutants in wastewater.<\/li>\n<\/ol>\n\n\n\n<p><\/p>","protected":false},"excerpt":{"rendered":"<p>GLAVNI CILJ: Integriranje znanstvenika i suradnika na Odjelu za kemiju u istra\u017eiva\u010dku cjelinu u svrhu podizanja znanstvene izvrsnosti. Cilj je povezan s programskim pokazateljem: broj objavljenih znanstvenih radova objavljenih na razini javnog visokog u\u010dili\u0161ta, odnosno javnog znanstvenog instituta, koji su objavljeni u znanstvenim \u010dasopisima rangiranim u indeksnim bazama SCOPUS i [&hellip;]<\/p>\n","protected":false},"author":1,"featured_media":0,"parent":0,"menu_order":0,"comment_status":"closed","ping_status":"closed","template":"page-kartice.php","meta":{"_acf_changed":false,"_themeisle_gutenberg_block_has_review":false,"footnotes":""},"class_list":["post-78","page","type-page","status-publish","hentry"],"acf":[],"_links":{"self":[{"href":"https:\/\/napredok.hr\/en\/wp-json\/wp\/v2\/pages\/78","targetHints":{"allow":["GET"]}}],"collection":[{"href":"https:\/\/napredok.hr\/en\/wp-json\/wp\/v2\/pages"}],"about":[{"href":"https:\/\/napredok.hr\/en\/wp-json\/wp\/v2\/types\/page"}],"author":[{"embeddable":true,"href":"https:\/\/napredok.hr\/en\/wp-json\/wp\/v2\/users\/1"}],"replies":[{"embeddable":true,"href":"https:\/\/napredok.hr\/en\/wp-json\/wp\/v2\/comments?post=78"}],"version-history":[{"count":9,"href":"https:\/\/napredok.hr\/en\/wp-json\/wp\/v2\/pages\/78\/revisions"}],"predecessor-version":[{"id":367,"href":"https:\/\/napredok.hr\/en\/wp-json\/wp\/v2\/pages\/78\/revisions\/367"}],"wp:attachment":[{"href":"https:\/\/napredok.hr\/en\/wp-json\/wp\/v2\/media?parent=78"}],"curies":[{"name":"wp","href":"https:\/\/api.w.org\/{rel}","templated":true}]}}