{"id":64,"date":"2026-02-18T07:42:55","date_gmt":"2026-02-18T07:42:55","guid":{"rendered":"https:\/\/napredok.hr\/index.php\/home-2\/"},"modified":"2026-02-26T14:03:54","modified_gmt":"2026-02-26T12:03:54","slug":"home-2","status":"publish","type":"page","link":"https:\/\/napredok.hr\/en\/","title":{"rendered":"Home"},"content":{"rendered":"","protected":false},"excerpt":{"rendered":"<p>Odjel za kemijuSveu\u010dili\u0161te Josipa Jurja Strossmayera Osijek Napredni interdisciplinarni pristupi kemiji okoli\u0161a: Od materijala do odr\u017eivih rje\u0161enja za zaga\u0111enje (NAPREDOK)<\/p>","protected":false},"author":1,"featured_media":0,"parent":0,"menu_order":0,"comment_status":"closed","ping_status":"closed","template":"","meta":{"_acf_changed":false,"_themeisle_gutenberg_block_has_review":false,"footnotes":""},"class_list":["post-64","page","type-page","status-publish","hentry"],"acf":[],"_links":{"self":[{"href":"https:\/\/napredok.hr\/en\/wp-json\/wp\/v2\/pages\/64","targetHints":{"allow":["GET"]}}],"collection":[{"href":"https:\/\/napredok.hr\/en\/wp-json\/wp\/v2\/pages"}],"about":[{"href":"https:\/\/napredok.hr\/en\/wp-json\/wp\/v2\/types\/page"}],"author":[{"embeddable":true,"href":"https:\/\/napredok.hr\/en\/wp-json\/wp\/v2\/users\/1"}],"replies":[{"embeddable":true,"href":"https:\/\/napredok.hr\/en\/wp-json\/wp\/v2\/comments?post=64"}],"version-history":[{"count":18,"href":"https:\/\/napredok.hr\/en\/wp-json\/wp\/v2\/pages\/64\/revisions"}],"predecessor-version":[{"id":463,"href":"https:\/\/napredok.hr\/en\/wp-json\/wp\/v2\/pages\/64\/revisions\/463"}],"wp:attachment":[{"href":"https:\/\/napredok.hr\/en\/wp-json\/wp\/v2\/media?parent=64"}],"curies":[{"name":"wp","href":"https:\/\/api.w.org\/{rel}","templated":true}]}}