{"id":195,"date":"2026-02-20T12:11:44","date_gmt":"2026-02-20T10:11:44","guid":{"rendered":"https:\/\/napredok.hr\/?page_id=195"},"modified":"2026-03-03T12:39:27","modified_gmt":"2026-03-03T10:39:27","slug":"kataliticka-razgradnja-organskih-zagadivaca-u-vodi-rp5","status":"publish","type":"page","link":"https:\/\/napredok.hr\/en\/ciljevi-projekta\/kataliticka-razgradnja-organskih-zagadivaca-u-vodi-rp5\/","title":{"rendered":"Catalytic degradation of organic pollutants in water (WP5)"},"content":{"rendered":"<p>Organic pollutants from the dye, pesticide, and pharmaceutical industries are a common problem in wastewater, and their degradation requires efficient and stable catalysts. The project investigates transitionmetal oxides, including doped and highentropy oxides, as potentially highly effective materials for degrading these compounds. The synthesized oxides will be structurally and electrochemically characterized and tested in various degradation systems, including photocatalytic and electrochemically assisted processes. The goal is to develop new, efficient catalysts capable of reducing harmful organic pollutants in wastewater.<\/p>","protected":false},"excerpt":{"rendered":"<p>Organski zaga\u0111iva\u010di iz industrije boja, pesticida i farmaceutika \u010dest su problem u otpadnim vodama, a njihova razgradnja zahtijeva u\u010dinkovite i stabilne katalizatore. Projekt istra\u017euje okside prijelaznih metala, uklju\u010duju\u0107i dopirane i visokoentropijske okside, kao potencijalno vrlo u\u010dinkovite materijale za razgradnju tih spojeva. Sintetizirani oksidi bit \u0107e strukturno i elektrokemijski okarakterizirani te [&hellip;]<\/p>\n","protected":false},"author":1,"featured_media":0,"parent":78,"menu_order":0,"comment_status":"closed","ping_status":"closed","template":"","meta":{"_acf_changed":false,"_themeisle_gutenberg_block_has_review":false,"footnotes":""},"class_list":["post-195","page","type-page","status-publish","hentry"],"acf":[],"_links":{"self":[{"href":"https:\/\/napredok.hr\/en\/wp-json\/wp\/v2\/pages\/195","targetHints":{"allow":["GET"]}}],"collection":[{"href":"https:\/\/napredok.hr\/en\/wp-json\/wp\/v2\/pages"}],"about":[{"href":"https:\/\/napredok.hr\/en\/wp-json\/wp\/v2\/types\/page"}],"author":[{"embeddable":true,"href":"https:\/\/napredok.hr\/en\/wp-json\/wp\/v2\/users\/1"}],"replies":[{"embeddable":true,"href":"https:\/\/napredok.hr\/en\/wp-json\/wp\/v2\/comments?post=195"}],"version-history":[{"count":2,"href":"https:\/\/napredok.hr\/en\/wp-json\/wp\/v2\/pages\/195\/revisions"}],"predecessor-version":[{"id":359,"href":"https:\/\/napredok.hr\/en\/wp-json\/wp\/v2\/pages\/195\/revisions\/359"}],"up":[{"embeddable":true,"href":"https:\/\/napredok.hr\/en\/wp-json\/wp\/v2\/pages\/78"}],"wp:attachment":[{"href":"https:\/\/napredok.hr\/en\/wp-json\/wp\/v2\/media?parent=195"}],"curies":[{"name":"wp","href":"https:\/\/api.w.org\/{rel}","templated":true}]}}