{"id":193,"date":"2026-02-20T12:11:23","date_gmt":"2026-02-20T10:11:23","guid":{"rendered":"https:\/\/napredok.hr\/?page_id=193"},"modified":"2026-03-03T12:39:38","modified_gmt":"2026-03-03T10:39:38","slug":"statisticki-pristupi-analizi-visegodisnjih-trendova-u-kvaliteti-zraka-rp4","status":"publish","type":"page","link":"https:\/\/napredok.hr\/en\/ciljevi-projekta\/statisticki-pristupi-analizi-visegodisnjih-trendova-u-kvaliteti-zraka-rp4\/","title":{"rendered":"Statistical approaches to the analysis of longterm trends in air quality (WP4)"},"content":{"rendered":"<p>This research examines atmospheric changes to better understand risks associated with climate\nchange and air, soil, and water pollution. Standard and advanced mathematicalstatistical methods are used to process atmospheric data and provide reliable assessments and guidelines for further action. The project includes an educational component through student involvement in research work. The aim is to improve understanding of atmospheric processes and support the development of more effective environmental protection measures.<\/p>","protected":false},"excerpt":{"rendered":"<p>Ovo istra\u017eivanje bavi se pra\u0107enjem i analizom promjena u atmosferi kako bi se bolje razumjeli rizici povezani s klimatskim promjenama i zaga\u0111enjem zraka, tla i vode. Kori\u0161tenjem standardnih i naprednih matemati\u010dkostatisti\u010dkih metoda obra\u0111uju se podaci o atmosferskim komponentama kako bi se dobile pouzdane procjene i smjernice za daljnje djelovanje. Projekt [&hellip;]<\/p>\n","protected":false},"author":1,"featured_media":0,"parent":78,"menu_order":0,"comment_status":"closed","ping_status":"closed","template":"","meta":{"_acf_changed":false,"_themeisle_gutenberg_block_has_review":false,"footnotes":""},"class_list":["post-193","page","type-page","status-publish","hentry"],"acf":[],"_links":{"self":[{"href":"https:\/\/napredok.hr\/en\/wp-json\/wp\/v2\/pages\/193","targetHints":{"allow":["GET"]}}],"collection":[{"href":"https:\/\/napredok.hr\/en\/wp-json\/wp\/v2\/pages"}],"about":[{"href":"https:\/\/napredok.hr\/en\/wp-json\/wp\/v2\/types\/page"}],"author":[{"embeddable":true,"href":"https:\/\/napredok.hr\/en\/wp-json\/wp\/v2\/users\/1"}],"replies":[{"embeddable":true,"href":"https:\/\/napredok.hr\/en\/wp-json\/wp\/v2\/comments?post=193"}],"version-history":[{"count":2,"href":"https:\/\/napredok.hr\/en\/wp-json\/wp\/v2\/pages\/193\/revisions"}],"predecessor-version":[{"id":358,"href":"https:\/\/napredok.hr\/en\/wp-json\/wp\/v2\/pages\/193\/revisions\/358"}],"up":[{"embeddable":true,"href":"https:\/\/napredok.hr\/en\/wp-json\/wp\/v2\/pages\/78"}],"wp:attachment":[{"href":"https:\/\/napredok.hr\/en\/wp-json\/wp\/v2\/media?parent=193"}],"curies":[{"name":"wp","href":"https:\/\/api.w.org\/{rel}","templated":true}]}}