{"id":191,"date":"2026-02-20T12:10:49","date_gmt":"2026-02-20T10:10:49","guid":{"rendered":"https:\/\/napredok.hr\/?page_id=191"},"modified":"2026-03-03T12:38:52","modified_gmt":"2026-03-03T10:38:52","slug":"ekoloski-materijali-i-njihov-potencijalni-rizik-za-nefrolosko-zdravlje-rp3","status":"publish","type":"page","link":"https:\/\/napredok.hr\/en\/ciljevi-projekta\/ekoloski-materijali-i-njihov-potencijalni-rizik-za-nefrolosko-zdravlje-rp3\/","title":{"rendered":"\u201cEcological materials\u201d and their potential risk for nephrological health (WP3)"},"content":{"rendered":"<p>This research aims to understand how environmental contaminants such as bisphenols,\nphthalates, and heavy metals influence the precipitation of calcium oxalate, the most common\ncomponent of kidney stones. Controlled experiments in water and artificial urine are used to\nstudy their role in CaOx crystallization, accompanied by detailed structural and morphological analysis of the precipitates. The project connects environmental toxicology, nephrology, and materials science to clarify mechanisms of stone formation influenced by everyday contaminants. The results may contribute to more effective preventive and regulatory measures and improve understanding of risks to human health.<\/p>","protected":false},"excerpt":{"rendered":"<p>Ovo istra\u017eivanje usmjereno je na razumijevanje kako okoli\u0161ni kontaminanti poput bisfenola, ftalata i te\u0161kih metala utje\u010du na talo\u017eenje kalcijeva oksalata, naj\u010de\u0161\u0107eg sastojka bubre\u017enih kamenaca. U laboratorijskim uvjetima ispituje se njihova uloga u kristalizaciji CaOx kroz kontrolirane eksperimente u vodi i umjetnom urinu, uz detaljnu strukturnu i morfolo\u0161ku analizu taloga. Projekt [&hellip;]<\/p>\n","protected":false},"author":1,"featured_media":0,"parent":78,"menu_order":0,"comment_status":"closed","ping_status":"closed","template":"","meta":{"_acf_changed":false,"_themeisle_gutenberg_block_has_review":false,"footnotes":""},"class_list":["post-191","page","type-page","status-publish","hentry"],"acf":[],"_links":{"self":[{"href":"https:\/\/napredok.hr\/en\/wp-json\/wp\/v2\/pages\/191","targetHints":{"allow":["GET"]}}],"collection":[{"href":"https:\/\/napredok.hr\/en\/wp-json\/wp\/v2\/pages"}],"about":[{"href":"https:\/\/napredok.hr\/en\/wp-json\/wp\/v2\/types\/page"}],"author":[{"embeddable":true,"href":"https:\/\/napredok.hr\/en\/wp-json\/wp\/v2\/users\/1"}],"replies":[{"embeddable":true,"href":"https:\/\/napredok.hr\/en\/wp-json\/wp\/v2\/comments?post=191"}],"version-history":[{"count":2,"href":"https:\/\/napredok.hr\/en\/wp-json\/wp\/v2\/pages\/191\/revisions"}],"predecessor-version":[{"id":357,"href":"https:\/\/napredok.hr\/en\/wp-json\/wp\/v2\/pages\/191\/revisions\/357"}],"up":[{"embeddable":true,"href":"https:\/\/napredok.hr\/en\/wp-json\/wp\/v2\/pages\/78"}],"wp:attachment":[{"href":"https:\/\/napredok.hr\/en\/wp-json\/wp\/v2\/media?parent=191"}],"curies":[{"name":"wp","href":"https:\/\/api.w.org\/{rel}","templated":true}]}}