{"id":189,"date":"2026-02-20T12:08:05","date_gmt":"2026-02-20T10:08:05","guid":{"rendered":"https:\/\/napredok.hr\/?page_id=189"},"modified":"2026-03-03T12:39:48","modified_gmt":"2026-03-03T10:39:48","slug":"zeleni-pristupi-sintezi-koordinacijskih-spojeva-prijelaznih-metala-i-njihova-bioloska-svojstva-rp2","status":"publish","type":"page","link":"https:\/\/napredok.hr\/en\/ciljevi-projekta\/zeleni-pristupi-sintezi-koordinacijskih-spojeva-prijelaznih-metala-i-njihova-bioloska-svojstva-rp2\/","title":{"rendered":"Green approaches to the synthesis of coordination compounds of transition metals and their biological properties (WP2)"},"content":{"rendered":"<p>Coordination compounds of transition metals with hydroxy and benzopyranone ligands are\ninvestigated due to their structural, functional, and potentially biologically active properties. The aim is to synthesize new complexes using green chemistry principles and characterize them using spectroscopic, thermal, and diffraction methods. Their potential biological activity, particularly cytotoxicity, is also examined to assess possible pharmaceutical applications. The goal is to expand  nderstanding of the coordination behavior of these ligands and support the development of new functional and bioactive materials.<\/p>","protected":false},"excerpt":{"rendered":"<p>Koordinacijski spojevi prijelaznih metala s hidroksi i benzopiranonskim ligandima istra\u017euju se zbog svojih strukturnih, funkcionalnih i potencijalno biolo\u0161ki aktivnih svojstava. U projektu se sintetiziraju novi kompleksi primjenom na\u010dela zelene kemije te se detaljno karakteriziraju spektroskopskim, termi\u010dkim i difrakcijskim metodama. Paralelno se ispituje njihova mogu\u0107a biolo\u0161ka aktivnost, osobito citotoksi\u010dnost, kako bi [&hellip;]<\/p>\n","protected":false},"author":1,"featured_media":0,"parent":78,"menu_order":0,"comment_status":"closed","ping_status":"closed","template":"","meta":{"_acf_changed":false,"_themeisle_gutenberg_block_has_review":false,"footnotes":""},"class_list":["post-189","page","type-page","status-publish","hentry"],"acf":[],"_links":{"self":[{"href":"https:\/\/napredok.hr\/en\/wp-json\/wp\/v2\/pages\/189","targetHints":{"allow":["GET"]}}],"collection":[{"href":"https:\/\/napredok.hr\/en\/wp-json\/wp\/v2\/pages"}],"about":[{"href":"https:\/\/napredok.hr\/en\/wp-json\/wp\/v2\/types\/page"}],"author":[{"embeddable":true,"href":"https:\/\/napredok.hr\/en\/wp-json\/wp\/v2\/users\/1"}],"replies":[{"embeddable":true,"href":"https:\/\/napredok.hr\/en\/wp-json\/wp\/v2\/comments?post=189"}],"version-history":[{"count":2,"href":"https:\/\/napredok.hr\/en\/wp-json\/wp\/v2\/pages\/189\/revisions"}],"predecessor-version":[{"id":356,"href":"https:\/\/napredok.hr\/en\/wp-json\/wp\/v2\/pages\/189\/revisions\/356"}],"up":[{"embeddable":true,"href":"https:\/\/napredok.hr\/en\/wp-json\/wp\/v2\/pages\/78"}],"wp:attachment":[{"href":"https:\/\/napredok.hr\/en\/wp-json\/wp\/v2\/media?parent=189"}],"curies":[{"name":"wp","href":"https:\/\/api.w.org\/{rel}","templated":true}]}}